{"id":9502,"date":"2022-04-26T10:07:52","date_gmt":"2022-04-26T10:07:52","guid":{"rendered":"https:\/\/artemovimiento.es\/politique-en-matiere-de-cookies\/"},"modified":"2022-07-14T11:04:32","modified_gmt":"2022-07-14T11:04:32","slug":"politique-en-matiere-de-cookies","status":"publish","type":"page","link":"https:\/\/artemovimiento.es\/fr\/politique-en-matiere-de-cookies\/","title":{"rendered":"Politique en mati\u00e8re de cookies"},"content":{"rendered":"\t\t<div data-elementor-type=\"wp-page\" data-elementor-id=\"9502\" class=\"elementor elementor-9502 elementor-8255\" data-elementor-post-type=\"page\">\n\t\t\t\t\t\t<section class=\"elementor-section elementor-top-section elementor-element elementor-element-ab661f8 elementor-section-boxed elementor-section-height-default elementor-section-height-default\" data-id=\"ab661f8\" data-element_type=\"section\" data-e-type=\"section\">\n\t\t\t\t\t\t<div class=\"elementor-container elementor-column-gap-default\">\n\t\t\t\t\t<div class=\"elementor-column elementor-col-100 elementor-top-column elementor-element elementor-element-e658dbb\" data-id=\"e658dbb\" data-element_type=\"column\" data-e-type=\"column\">\n\t\t\t<div class=\"elementor-widget-wrap elementor-element-populated\">\n\t\t\t\t\t\t<div class=\"elementor-element elementor-element-c05f3c9 elementor-widget elementor-widget-heading\" data-id=\"c05f3c9\" data-element_type=\"widget\" data-e-type=\"widget\" data-widget_type=\"heading.default\">\n\t\t\t\t\t<h2 class=\"elementor-heading-title elementor-size-default\">Politique en mati\u00e8re de cookies<\/h2>\t\t\t\t<\/div>\n\t\t\t\t<div class=\"elementor-element elementor-element-bd72eb1 elementor-widget elementor-widget-text-editor\" data-id=\"bd72eb1\" data-element_type=\"widget\" data-e-type=\"widget\" data-widget_type=\"text-editor.default\">\n\t\t\t\t\t\t\t\t\t<p><strong>D\u00c9FINITION DES COOKIES<\/strong><\/p><p>Un cookie est un fichier qui est t\u00e9l\u00e9charg\u00e9 sur votre ordinateur lorsque vous acc\u00e9dez \u00e0 certaines pages web. Les cookies permettent \u00e0 un site web, entre autres, de stocker et de r\u00e9cup\u00e9rer des informations sur les habitudes de navigation d&rsquo;un utilisateur ou sur son \u00e9quipement et, en fonction des informations qu&rsquo;ils contiennent et de la mani\u00e8re dont il utilise son \u00e9quipement, ils peuvent \u00eatre utilis\u00e9s pour reconna\u00eetre l&rsquo;utilisateur.<\/p><p>Le site web de Arte y Movimiento producciones SL utilise des cookies propres et de tiers, tous dans le domaine \u00ab\u00a0artemovimiento.es\u00a0\u00bb.<\/p><p><strong>TYPES DE COOKIES<\/strong><\/p><p>1.- Types de cookies, en fonction de l&rsquo;entit\u00e9 qui les g\u00e8re :<\/p><p>a) Cookies propres : il s&rsquo;agit de ceux qui sont envoy\u00e9s \u00e0 l&rsquo;\u00e9quipement terminal de l&rsquo;utilisateur depuis un ordinateur ou un domaine g\u00e9r\u00e9 par l&rsquo;\u00e9diteur lui-m\u00eame et \u00e0 partir duquel le service demand\u00e9 par l&rsquo;utilisateur est fourni.<\/p><p>b) Cookies de tiers : il s&rsquo;agit de cookies qui sont envoy\u00e9s \u00e0 l&rsquo;\u00e9quipement terminal de l&rsquo;utilisateur depuis un ordinateur ou un domaine qui n&rsquo;est pas g\u00e9r\u00e9 par l&rsquo;\u00e9diteur, mais par une autre entit\u00e9 qui traite les donn\u00e9es obtenues par le biais des cookies.<\/p><p>2.- Les types de cookies, en fonction de leur finalit\u00e9 :<\/p><p>a) Cookies techniques : ce sont ceux qui permettent \u00e0 l&rsquo;utilisateur de naviguer sur le site web, la plateforme ou l&rsquo;application et d&rsquo;utiliser les diff\u00e9rentes options ou services qui y existent.<\/p><p>b) Cookies d&rsquo;analyse : il s&rsquo;agit de cookies qui permettent \u00e0 la partie qui en est responsable de suivre et d&rsquo;analyser le comportement des utilisateurs des sites web auxquels ils sont li\u00e9s.<\/p><p>3.-Types de cookies, en fonction de la dur\u00e9e pendant laquelle ils restent activ\u00e9s :<\/p><p>a) Cookies de session : ils sont con\u00e7us pour collecter et stocker des donn\u00e9es pendant que l&rsquo;utilisateur acc\u00e8de \u00e0 une page web. Ils sont g\u00e9n\u00e9ralement utilis\u00e9s pour la fourniture du service demand\u00e9 par l&rsquo;utilisateur \u00e0 une seule occasion.<\/p><p>b) Cookies persistants : Ceux-ci sont con\u00e7us de mani\u00e8re \u00e0 ce que les donn\u00e9es continuent \u00e0 \u00eatre stock\u00e9es dans le terminal et puissent \u00eatre consult\u00e9es et trait\u00e9es pendant une p\u00e9riode d\u00e9finie par le responsable du cookie, qui peut aller de quelques minutes \u00e0 plusieurs ann\u00e9es.<\/p><p><strong>BLOQUER\/SUPPRIMER LES COOKIES<\/strong><\/p><p>Vous pouvez autoriser, bloquer ou supprimer les cookies install\u00e9s sur votre ordinateur en configurant les options du navigateur install\u00e9 sur votre ordinateur.<\/p><p>Chrome, de http:\/\/support.google.com\/chrome\/bin\/answer.py?hl=es&amp;answer=95647<\/p><p>Explorer, de<\/p><p>http:\/\/windows.microsoft.com\/es-es\/windows7\/how-to-manage-cookies-in-internet-explorer-9<\/p><p>Firefox, de<\/p><p>http:\/\/support.mozilla.org\/es\/kb\/habilitar-y-deshabilitar-cookies-que-los-sitios-we<\/p><p>Safari, de<\/p><p>http:\/\/support.apple.com\/kb\/ph5042<\/p><p><strong>ACC\u00c8S AUX DONN\u00c9ES<\/strong><\/p><p>Les cookies de notre site web sont uniquement utilis\u00e9s par :<\/p><p>&#8211; Le propri\u00e9taire du site web Arte y Movimiento producciones SL, C\/Recaredo 12 5 A 41003. S\u00e9ville. Espagne.<\/p><p>\u2022 GOOGLE.<\/p><p>\u2022 YOUTUBE.<\/p><p>Types de cookies utilis\u00e9s par ce site web<\/p><table class=\"wt-cli-table\"><thead><tr><th>N\u00ba Serie:<\/th><th>Nombre de la cookie<\/th><th>Duraci\u00f3n<\/th><th>Categor\u00eda<\/th><th>Descripci\u00f3n<\/th><\/tr><\/thead><tbody><tr><td>1<\/td><td>wp-wpml_current_language<\/td><td>session<\/td><td>Others<\/td><td>No description available.<\/td><\/tr><tr><td>2<\/td><td>CookieLawInfoConsent<\/td><td>1 year<\/td><td>Necessary<\/td><td>Records the default button state of the corresponding category &amp; the status of CCPA. It works only in coordination with the primary cookie.<\/td><\/tr><tr><td>3<\/td><td>cookielawinfo-checkbox-necessary<\/td><td>1 year<\/td><td>Necessary<\/td><td>Set by the GDPR Cookie Consent plugin, this cookie is used to record the user consent for the cookies in the \u00ab\u00a0Necessary\u00a0\u00bb category .<\/td><\/tr><tr><td>4<\/td><td>cookielawinfo-checkbox-functional<\/td><td>1 year<\/td><td>Necessary<\/td><td>The cookie is set by the GDPR Cookie Consent plugin to record the user consent for the cookies in the category \u00ab\u00a0Functional\u00a0\u00bb.<\/td><\/tr><tr><td>5<\/td><td>cookielawinfo-checkbox-performance<\/td><td>1 year<\/td><td>Necessary<\/td><td>Set by the GDPR Cookie Consent plugin, this cookie is used to store the user consent for cookies in the category \u00ab\u00a0Performance\u00a0\u00bb.<\/td><\/tr><tr><td>6<\/td><td>cookielawinfo-checkbox-analytics<\/td><td>1 year<\/td><td>Necessary<\/td><td>Set by the GDPR Cookie Consent plugin, this cookie is used to record the user consent for the cookies in the \u00ab\u00a0Analytics\u00a0\u00bb category .<\/td><\/tr><tr><td>7<\/td><td>cookielawinfo-checkbox-advertisement<\/td><td>1 year<\/td><td>Necessary<\/td><td>Set by the GDPR Cookie Consent plugin, this cookie is used to record the user consent for the cookies in the \u00ab\u00a0Advertisement\u00a0\u00bb category .<\/td><\/tr><tr><td>8<\/td><td>cookielawinfo-checkbox-others<\/td><td>1 year<\/td><td>Necessary<\/td><td>Set by the GDPR Cookie Consent plugin, this cookie is used to store the user consent for cookies in the category \u00ab\u00a0Others\u00a0\u00bb.<\/td><\/tr><tr><td>9<\/td><td>elementor<\/td><td>never<\/td><td>Necessary<\/td><td>This cookie is used by the website&rsquo;s WordPress theme. It allows the website owner to implement or change the website&rsquo;s content in real-time.<\/td><\/tr><tr><td>10<\/td><td>ts<\/td><td>1 year 1 month<\/td><td>Necessary<\/td><td>PayPal sets this cookie to enable secure transactions through PayPal.<\/td><\/tr><tr><td>11<\/td><td>usprivacy<\/td><td>1 year 1 month<\/td><td>Necessary<\/td><td>This is a consent cookie set by Dailymotion to store the CCPA consent string (mandatory information about an end-user being or not being a California consumer and exercising or not exercising its statutory right).<\/td><\/tr><tr><td>12<\/td><td>YSC<\/td><td>session<\/td><td>Advertisement<\/td><td>YSC cookie is set by Youtube and is used to track the views of embedded videos on Youtube pages.<\/td><\/tr><tr><td>13<\/td><td>VISITOR_INFO1_LIVE<\/td><td>5 months 27 days<\/td><td>Advertisement<\/td><td>A cookie set by YouTube to measure bandwidth that determines whether the user gets the new or old player interface.<\/td><\/tr><tr><td>14<\/td><td>yt-remote-device-id<\/td><td>never<\/td><td>Advertisement<\/td><td>YouTube sets this cookie to store the video preferences of the user using embedded YouTube video.<\/td><\/tr><tr><td>15<\/td><td>yt-remote-connected-devices<\/td><td>never<\/td><td>Advertisement<\/td><td>YouTube sets this cookie to store the video preferences of the user using embedded YouTube video.<\/td><\/tr><tr><td>16<\/td><td>yt.innertube::requests<\/td><td>never<\/td><td>Advertisement<\/td><td>This cookie, set by YouTube, registers a unique ID to store data on what videos from YouTube the user has seen.<\/td><\/tr><tr><td>17<\/td><td>yt.innertube::nextId<\/td><td>never<\/td><td>Advertisement<\/td><td>This cookie, set by YouTube, registers a unique ID to store data on what videos from YouTube the user has seen.<\/td><\/tr><tr><td>18<\/td><td>CONSENT<\/td><td>2 years<\/td><td>Analytics<\/td><td>YouTube sets this cookie via embedded youtube-videos and registers anonymous statistical data.<\/td><\/tr><tr><td>19<\/td><td>vuid<\/td><td>2 years<\/td><td>Analytics<\/td><td>Vimeo installs this cookie to collect tracking information by setting a unique ID to embed videos to the website.<\/td><\/tr><tr><td>20<\/td><td>__cf_bm<\/td><td>30 minutes<\/td><td>Functional<\/td><td>This cookie, set by Cloudflare, is used to support Cloudflare Bot Management.<\/td><\/tr><tr><td>21<\/td><td>v1st<\/td><td>1 year 1 month<\/td><td>Functional<\/td><td>The v1st cookie is set by TripAdvisor to collect details about how visitors use the website, by displaying user reviews, awards and information received on the TripAdvisor community.<\/td><\/tr><tr><td>22<\/td><td>client_token<\/td><td>10 hours<\/td><td>Functional<\/td><td>Dailymotion places this cookie as an anonymous access token used by the Video Player, to access the API that stores content metadata when a user is not authenticated.<\/td><\/tr><tr><td>23<\/td><td>dmvk<\/td><td>session<\/td><td>Performance<\/td><td>The dmvk cookie is set by Dailymotion to record data of visitor behaviour on the website.<\/td><\/tr><\/tbody><\/table><p> <\/p><p> <\/p><p>Conform\u00e9ment aux directives de l&rsquo;Agence espagnole de protection des donn\u00e9es, nous d\u00e9taillons ci-dessous les cookies utilis\u00e9s sur notre site web afin de vous informer le plus pr\u00e9cis\u00e9ment possible.<\/p><p>Mises \u00e0 jour et modifications de la politique en mati\u00e8re de cookies.<\/p><p>artemovimiento.es, peut modifier cette politique de cookies en fonction des exigences r\u00e9glementaires en la mati\u00e8re, c&rsquo;est pourquoi il est conseill\u00e9 aux utilisateurs de la visiter p\u00e9riodiquement.<\/p><p>Derni\u00e8re mise \u00e0 jour le 26 avril 2022.<\/p><p>Si vous avez des doutes sur cette politique de cookies, vous pouvez contacter artemovimiento.es, en utilisant le formulaire suivant.<\/p>\t\t\t\t\t\t\t\t<\/div>\n\t\t\t\t\t<\/div>\n\t\t<\/div>\n\t\t\t\t\t<\/div>\n\t\t<\/section>\n\t\t\t\t<\/div>\n\t\t","protected":false},"excerpt":{"rendered":"<p>Politique en mati\u00e8re de cookies D\u00c9FINITION DES COOKIES Un cookie est un fichier qui est t\u00e9l\u00e9charg\u00e9 sur votre ordinateur lorsque vous acc\u00e9dez \u00e0 certaines pages web. Les cookies permettent \u00e0 un site web, entre autres, de stocker et de r\u00e9cup\u00e9rer des informations sur les habitudes de navigation d&rsquo;un utilisateur ou sur son \u00e9quipement et, en [&hellip;]<\/p>\n","protected":false},"author":3,"featured_media":0,"parent":0,"menu_order":0,"comment_status":"closed","ping_status":"closed","template":"","meta":{"_acf_changed":false,"footnotes":""},"class_list":["post-9502","page","type-page","status-publish","hentry"],"acf":[],"_links":{"self":[{"href":"https:\/\/artemovimiento.es\/fr\/wp-json\/wp\/v2\/pages\/9502","targetHints":{"allow":["GET"]}}],"collection":[{"href":"https:\/\/artemovimiento.es\/fr\/wp-json\/wp\/v2\/pages"}],"about":[{"href":"https:\/\/artemovimiento.es\/fr\/wp-json\/wp\/v2\/types\/page"}],"author":[{"embeddable":true,"href":"https:\/\/artemovimiento.es\/fr\/wp-json\/wp\/v2\/users\/3"}],"replies":[{"embeddable":true,"href":"https:\/\/artemovimiento.es\/fr\/wp-json\/wp\/v2\/comments?post=9502"}],"version-history":[{"count":0,"href":"https:\/\/artemovimiento.es\/fr\/wp-json\/wp\/v2\/pages\/9502\/revisions"}],"wp:attachment":[{"href":"https:\/\/artemovimiento.es\/fr\/wp-json\/wp\/v2\/media?parent=9502"}],"curies":[{"name":"wp","href":"https:\/\/api.w.org\/{rel}","templated":true}]}}