{"id":9506,"date":"2022-04-25T11:02:39","date_gmt":"2022-04-25T11:02:39","guid":{"rendered":"https:\/\/artemovimiento.es\/politique-de-confidentialite\/"},"modified":"2022-07-14T10:58:57","modified_gmt":"2022-07-14T10:58:57","slug":"politique-de-confidentialite","status":"publish","type":"page","link":"https:\/\/artemovimiento.es\/fr\/politique-de-confidentialite\/","title":{"rendered":"Politique de confidentialit\u00e9"},"content":{"rendered":"\t\t<div data-elementor-type=\"wp-page\" data-elementor-id=\"9506\" class=\"elementor elementor-9506 elementor-8047\" data-elementor-post-type=\"page\">\n\t\t\t\t\t\t<section class=\"elementor-section elementor-top-section elementor-element elementor-element-ab661f8 elementor-section-boxed elementor-section-height-default elementor-section-height-default\" data-id=\"ab661f8\" data-element_type=\"section\" data-e-type=\"section\">\n\t\t\t\t\t\t<div class=\"elementor-container elementor-column-gap-default\">\n\t\t\t\t\t<div class=\"elementor-column elementor-col-100 elementor-top-column elementor-element elementor-element-e658dbb\" data-id=\"e658dbb\" data-element_type=\"column\" data-e-type=\"column\">\n\t\t\t<div class=\"elementor-widget-wrap elementor-element-populated\">\n\t\t\t\t\t\t<div class=\"elementor-element elementor-element-c05f3c9 elementor-widget elementor-widget-heading\" data-id=\"c05f3c9\" data-element_type=\"widget\" data-e-type=\"widget\" data-widget_type=\"heading.default\">\n\t\t\t\t\t<h2 class=\"elementor-heading-title elementor-size-default\">Politique de confidentialit\u00e9<\/h2>\t\t\t\t<\/div>\n\t\t\t\t<div class=\"elementor-element elementor-element-bd72eb1 elementor-widget elementor-widget-text-editor\" data-id=\"bd72eb1\" data-element_type=\"widget\" data-e-type=\"widget\" data-widget_type=\"text-editor.default\">\n\t\t\t\t\t\t\t\t\t<p style=\"font-weight: 400;\">Aux fins des dispositions de la r\u00e9glementation en vigueur en mati\u00e8re de protection des donn\u00e9es, le r\u00e8glement (UE) 2016\/679, du 27 avril 2016 (RGPD) et la loi organique 3\/2018, du 5 d\u00e9cembre, relative \u00e0 la protection des donn\u00e9es personnelles et \u00e0 la garantie des droits num\u00e9riques, les utilisateurs de ce site web sont inform\u00e9s que les donn\u00e9es personnelles qu&rsquo;ils fournissent par son interm\u00e9diaire, que ce soit en remplissant un formulaire ou par courrier \u00e9lectronique, seront trait\u00e9es conform\u00e9ment \u00e0 la pr\u00e9sente politique de protection des donn\u00e9es.<\/p><p style=\"font-weight: 400;\">1.- Traitement de vos donn\u00e9es personnelles<\/p><p style=\"font-weight: 400;\">Qui est le responsable du traitement de vos donn\u00e9es ?<\/p><p style=\"font-weight: 400;\">Identit\u00e9 : Arte y Movimiento producciones SL<\/p><p style=\"font-weight: 400;\">SIREN : B-91110437<\/p><p style=\"font-weight: 400;\">Adresse RECAREDO 12 5 A 41003 SEVILLA<\/p><p style=\"font-weight: 400;\">T\u00e9l\u00e9phone : +34629562554<\/p><p style=\"font-weight: 400;\">E-mail : <a href=\"mailto:daniela@artemovimiento.es\">daniela@artemovimiento.es<\/a><\/p><p style=\"font-weight: 400;\">Contact D\u00e9l\u00e9gu\u00e9 \u00e0 la Protection des Donn\u00e9es Personnelles : Daniela Lazary ( <a href=\"https:\/\/artemovimiento.es\/fr\/\">artemovimiento.es<\/a>)<\/p><p style=\"font-weight: 400;\">2.- Finalit\u00e9 du traitement des donn\u00e9es personnelles et dur\u00e9e de conservation.<\/p><p style=\"font-weight: 400;\">&#8211; Les donn\u00e9es personnelles fournies par l&rsquo;interm\u00e9diaire de l&rsquo;adresse \u00e9lectronique du site <a href=\"mailto:daniela@artemovimiento.es\">daniela@artemovimiento.es<\/a> ont pour but de r\u00e9pondre, de traiter ou de prendre en charge les diff\u00e9rentes questions ou demandes d&rsquo;information formul\u00e9es par les int\u00e9ress\u00e9s.<\/p><p style=\"font-weight: 400;\">Ces donn\u00e9es seront conserv\u00e9es le temps n\u00e9cessaire pour traiter ou r\u00e9soudre la question ou la demande formul\u00e9e.<\/p><p style=\"font-weight: 400;\">&#8211; Les donn\u00e9es personnelles fournies par les moyens ou canaux pr\u00e9vus sur le site \u00e0 l&rsquo;attention de l&rsquo;int\u00e9ress\u00e9, tels que le courrier \u00e9lectronique, sont destin\u00e9es \u00e0 r\u00e9pondre et \u00e0 r\u00e9soudre tout type de demande formul\u00e9e par l&rsquo;int\u00e9ress\u00e9 par le biais de ces canaux de communication, ainsi qu&rsquo;\u00e0 envoyer des informations sur les produits commercialis\u00e9s sur le site.<\/p><p style=\"font-weight: 400;\">3.- Cat\u00e9gories de donn\u00e9es trait\u00e9es.<\/p><p style=\"font-weight: 400;\">En particulier, les donn\u00e9es que nous traiterons comprennent les cat\u00e9gories suivantes :<\/p><p style=\"font-weight: 400;\">Donn\u00e9es d&rsquo;identification et de contact telles que le nom, le pr\u00e9nom, le num\u00e9ro de t\u00e9l\u00e9phone et l&rsquo;adresse \u00e9lectronique.<\/p><p style=\"font-weight: 400;\">Donn\u00e9es n\u00e9cessaires pour r\u00e9pondre ou r\u00e9soudre des questions.<\/p><p style=\"font-weight: 400;\">Donn\u00e9es n\u00e9cessaires \u00e0 la gestion de la vente et \u00e0 l&rsquo;\u00e9mission des factures.<\/p><p style=\"font-weight: 400;\">Donn\u00e9es de navigation telles que les visites re\u00e7ues sur le site web, l&rsquo;adresse IP, etc.<\/p><p style=\"font-weight: 400;\">4.- D\u00e9cisions automatis\u00e9es, profilage et logique appliqu\u00e9e.<\/p><p style=\"font-weight: 400;\">Daniela Lazary (<a href=\"https:\/\/artemovimiento.es\/fr\/\">artemovimiento.es<\/a>) n&rsquo;utilise pas les informations personnelles recueillies \u00e0 des fins de profilage et d&rsquo;identification des personnes.<\/p><p style=\"font-weight: 400;\">5.- L\u00e9gitimation du traitement des donn\u00e9es.<\/p><p style=\"font-weight: 400;\">La base juridique du traitement de vos donn\u00e9es personnelles est la fourniture d&rsquo;un consentement.<\/p><p style=\"font-weight: 400;\">Les donn\u00e9es fournies dans le but de faire des demandes de renseignements ou de demander des informations aupr\u00e8s des services sont \u00e9galement trait\u00e9es sur la base de la fourniture du consentement et sur la base de l&rsquo;int\u00e9r\u00eat l\u00e9gitime du responsable du traitement des donn\u00e9es \u00e0 r\u00e9pondre aux demandes de renseignements et aux demandes ou \u00e0 fournir les informations demand\u00e9es.<\/p><p style=\"font-weight: 400;\">6.- Donn\u00e9es sur les mineurs.<\/p><p style=\"font-weight: 400;\">Les utilisateurs de moins de 14 ans doivent obtenir le consentement de leurs parents ou tuteurs l\u00e9gaux avant de proc\u00e9der \u00e0 l&rsquo;inclusion de donn\u00e9es personnelles dans les formulaires web. Daniela Lazary (<a href=\"https:\/\/artemovimiento.es\/fr\/\">artemovimiento.es<\/a>) d\u00e9cline toute responsabilit\u00e9 en cas de non-respect de cette exigence.<\/p><p style=\"font-weight: 400;\">7.- Destinataires de vos donn\u00e9es.<\/p><p style=\"font-weight: 400;\">Sauf obligation l\u00e9gale, les donn\u00e9es ne sont pas transmises \u00e0 des tiers sans le consentement expr\u00e8s de la personne concern\u00e9e.<\/p><p style=\"font-weight: 400;\">8.- Droits de la partie int\u00e9ress\u00e9e.<\/p><p style=\"font-weight: 400;\">Vous pouvez exercer vos droits d&rsquo;acc\u00e8s, de rectification, d&rsquo;effacement, de restriction, de portabilit\u00e9 et d&rsquo;opposition, ainsi que le droit de ne pas faire l&rsquo;objet de d\u00e9cisions fond\u00e9es uniquement sur un traitement automatis\u00e9. Vous pouvez r\u00e9voquer votre consentement \u00e0 tout moment.<\/p><p style=\"font-weight: 400;\">Pour exercer l&rsquo;un de ces droits, veuillez envoyer un courrier \u00e9lectronique \u00e0 <a href=\"mailto:daniela@artemovimiento.es\">daniela@artemovimiento.es<\/a><\/p><p style=\"font-weight: 400;\">Droit de retirer le consentement :<\/p><p style=\"font-weight: 400;\">Dans les cas o\u00f9 vous avez donn\u00e9 votre consentement, autorisant Daniela Lazary ( <a href=\"https:\/\/artemovimiento.es\/fr\/\">artemovimiento.es<\/a>) \u00e0 traiter vos donn\u00e9es personnelles, vous pouvez r\u00e9voquer ce consentement \u00e0 tout moment, il vous suffit pour cela de lui envoyer une communication indiquant quel consentement vous souhaitez r\u00e9voquer.<\/p><p style=\"font-weight: 400;\">Nous vous informons que Daniela Lazary (<a href=\"https:\/\/artemovimiento.es\/fr\/\">artemovimiento.es<\/a>) dispose de formulaires pour l&rsquo;exercice de vos droits, que vous pouvez utiliser en les demandant par courrier \u00e9lectronique, bien que vous puissiez \u00e9galement utiliser les mod\u00e8les express\u00e9ment autoris\u00e9s par l&rsquo;Agence espagnole de protection des donn\u00e9es ou d&rsquo;autres pr\u00e9par\u00e9s par des tiers. Ces formulaires doivent \u00eatre sign\u00e9s \u00e9lectroniquement ou \u00eatre accompagn\u00e9s d&rsquo;une photocopie de la carte d&rsquo;identit\u00e9 de l&rsquo;int\u00e9ress\u00e9, ou de son repr\u00e9sentant, le cas \u00e9ch\u00e9ant. La demande d&rsquo;exercice des droits par la personne concern\u00e9e peut \u00eatre envoy\u00e9e par courrier \u00e9lectronique ou par lettre \u00e0 l&rsquo;adresse du responsable du traitement des donn\u00e9es.<\/p><p style=\"font-weight: 400;\">De m\u00eame, vous \u00eates inform\u00e9 que vous avez le droit de d\u00e9poser une plainte aupr\u00e8s de l&rsquo;Agence espagnole de protection des donn\u00e9es personnelles (<a href=\"http:\/\/www.aepd.es\/\">www.aepd.es<\/a>), si vous n&rsquo;\u00eates pas satisfait de la r\u00e9ponse re\u00e7ue ou de la mani\u00e8re dont Daniela Lazary ( <a href=\"https:\/\/artemovimiento.es\/fr\/\">artemovimiento.es<\/a>) traite vos donn\u00e9es.<\/p><p style=\"font-weight: 400;\">9- Mesures de s\u00e9curit\u00e9.<\/p><p style=\"font-weight: 400;\">Nous sommes soucieux de la s\u00e9curit\u00e9 des Donn\u00e9es Personnelles que nous traitons, et nous avons donc adopt\u00e9 un niveau de protection optimal, et \u00e0 cette fin, nous avons adopt\u00e9 toutes les mesures organisationnelles et les moyens techniques \u00e0 notre disposition pour \u00e9viter la perte, le vol, l&rsquo;abus, l&rsquo;alt\u00e9ration ou l&rsquo;acc\u00e8s non autoris\u00e9 aux Donn\u00e9es Personnelles.<\/p><p style=\"font-weight: 400;\">10- Modifications de la politique de confidentialit\u00e9.<\/p><p style=\"font-weight: 400;\">Daniela Lazary (<a href=\"https:\/\/artemovimiento.es\/fr\/\">artemovimiento.es<\/a>) se r\u00e9serve le droit de modifier la politique de confidentialit\u00e9 en fonction des changements r\u00e9glementaires. Toute modification de la pr\u00e9sente politique sera publi\u00e9e sur ce site web.<\/p><p>Derni\u00e8re mise \u00e0 jour : 25 avril 2022<\/p>\t\t\t\t\t\t\t\t<\/div>\n\t\t\t\t\t<\/div>\n\t\t<\/div>\n\t\t\t\t\t<\/div>\n\t\t<\/section>\n\t\t\t\t<\/div>\n\t\t","protected":false},"excerpt":{"rendered":"<p>Politique de confidentialit\u00e9 Aux fins des dispositions de la r\u00e9glementation en vigueur en mati\u00e8re de protection des donn\u00e9es, le r\u00e8glement (UE) 2016\/679, du 27 avril 2016 (RGPD) et la loi organique 3\/2018, du 5 d\u00e9cembre, relative \u00e0 la protection des donn\u00e9es personnelles et \u00e0 la garantie des droits num\u00e9riques, les utilisateurs de ce site web [&hellip;]<\/p>\n","protected":false},"author":3,"featured_media":0,"parent":0,"menu_order":0,"comment_status":"closed","ping_status":"closed","template":"","meta":{"_acf_changed":false,"footnotes":""},"class_list":["post-9506","page","type-page","status-publish","hentry"],"acf":[],"_links":{"self":[{"href":"https:\/\/artemovimiento.es\/fr\/wp-json\/wp\/v2\/pages\/9506","targetHints":{"allow":["GET"]}}],"collection":[{"href":"https:\/\/artemovimiento.es\/fr\/wp-json\/wp\/v2\/pages"}],"about":[{"href":"https:\/\/artemovimiento.es\/fr\/wp-json\/wp\/v2\/types\/page"}],"author":[{"embeddable":true,"href":"https:\/\/artemovimiento.es\/fr\/wp-json\/wp\/v2\/users\/3"}],"replies":[{"embeddable":true,"href":"https:\/\/artemovimiento.es\/fr\/wp-json\/wp\/v2\/comments?post=9506"}],"version-history":[{"count":0,"href":"https:\/\/artemovimiento.es\/fr\/wp-json\/wp\/v2\/pages\/9506\/revisions"}],"wp:attachment":[{"href":"https:\/\/artemovimiento.es\/fr\/wp-json\/wp\/v2\/media?parent=9506"}],"curies":[{"name":"wp","href":"https:\/\/api.w.org\/{rel}","templated":true}]}}